{"id":949,"date":"2024-03-21T02:08:49","date_gmt":"2024-03-21T01:08:49","guid":{"rendered":"https:\/\/aaoptoelectronic.com\/product\/mt80-iir30-fio-pm0-5-j1-a-ic2-2\/"},"modified":"2024-06-04T17:10:38","modified_gmt":"2024-06-04T15:10:38","slug":"mt80-iir30-fio-pm0-5-j1-a-ic2-2","status":"publish","type":"product","link":"https:\/\/aaoptoelectronic.com\/fr\/mt80-iir30-fio-pm0-5-j1-a-ic2-2\/","title":{"rendered":"MT80-IIR30-Fio-xx0.5-J1-A-Ic2"},"content":{"rendered":"<p>Ce dispositif compact \u00e0 fibres optiques est destin\u00e9 \u00e0 un fonctionnement \u00e0 longueur d'onde unique dans [1500-1600] nm. Il peut \u00eatre utilis\u00e9 pour la modulation d'intensit\u00e9 avec un temps de mont\u00e9e de 30 ns ainsi que pour le d\u00e9calage de fr\u00e9quence fixe de 80 MHz. Sa compacit\u00e9, sa fiabilit\u00e9 et ses performances \u00e9lev\u00e9es font de ce modulateur un bon candidat pour les applications industrielles.<\/p>","protected":false},"excerpt":{"rendered":"<p>AO Fiber pigtailed Pulse Picker, Te02 [L], Rise\/fall Time 30 ns, Carrier frequency 80 MHz, Fiber type SM or PM, Optical power &lt; 0.5 W, Jacket 900 \u00b5m Hytrel tubing, Connectors FC\/APC, RF power &lt; 2.5W, Compact housing.<\/p>","protected":false},"featured_media":3927,"template":"","format":"standard","meta":[],"product_brand":[],"product_cat":[20,329],"product_tag":[],"class_list":{"0":"post-949","1":"product","2":"type-product","3":"status-publish","4":"format-standard","5":"has-post-thumbnail","7":"product_cat-ao-devices","8":"product_cat-fiber-pigtailed-pulse-picker","9":"sales-flash-overlay","10":"woocommerce-text-align-center","11":"woocommerce-image-align-center","12":"do-quantity-buttons","14":"first","15":"instock","16":"shipping-taxable","17":"purchasable","18":"product-type-variable"},"_links":{"self":[{"href":"https:\/\/aaoptoelectronic.com\/fr\/wp-json\/wp\/v2\/product\/949","targetHints":{"allow":["GET"]}}],"collection":[{"href":"https:\/\/aaoptoelectronic.com\/fr\/wp-json\/wp\/v2\/product"}],"about":[{"href":"https:\/\/aaoptoelectronic.com\/fr\/wp-json\/wp\/v2\/types\/product"}],"wp:featuredmedia":[{"embeddable":true,"href":"https:\/\/aaoptoelectronic.com\/fr\/wp-json\/wp\/v2\/media\/3927"}],"wp:attachment":[{"href":"https:\/\/aaoptoelectronic.com\/fr\/wp-json\/wp\/v2\/media?parent=949"}],"wp:term":[{"taxonomy":"product_brand","embeddable":true,"href":"https:\/\/aaoptoelectronic.com\/fr\/wp-json\/wp\/v2\/product_brand?post=949"},{"taxonomy":"product_cat","embeddable":true,"href":"https:\/\/aaoptoelectronic.com\/fr\/wp-json\/wp\/v2\/product_cat?post=949"},{"taxonomy":"product_tag","embeddable":true,"href":"https:\/\/aaoptoelectronic.com\/fr\/wp-json\/wp\/v2\/product_tag?post=949"}],"curies":[{"name":"wp","href":"https:\/\/api.w.org\/{rel}","templated":true}]}}