{"id":952,"date":"2024-03-21T02:08:51","date_gmt":"2024-03-21T01:08:51","guid":{"rendered":"https:\/\/aaoptoelectronic.com\/product\/mt160-iir10-fio-xx-2\/"},"modified":"2024-06-04T17:10:41","modified_gmt":"2024-06-04T15:10:41","slug":"mt160-iir10-fio-xx-2","status":"publish","type":"product","link":"https:\/\/aaoptoelectronic.com\/fr\/mt160-iir10-fio-xx-2\/","title":{"rendered":"MT160-IIR10-Fio-xx"},"content":{"rendered":"<p>Ces dispositifs \u00e0 fibres optiques sont destin\u00e9s \u00e0 \u00eatre utilis\u00e9s pour une seule longueur d'onde dans leur plage de fonctionnement [1290-1650 nm]. Ils peuvent \u00eatre utilis\u00e9s pour la modulation d'intensit\u00e9, le d\u00e9calage de fr\u00e9quence fixe ou variable, le pulse picking ou le q-switching. AA propose une gamme compl\u00e8te avec diff\u00e9rentes fr\u00e9quences porteuses, diff\u00e9rents temps de mont\u00e9e et diff\u00e9rentes puissances optiques d'entr\u00e9e. De plus, afin de r\u00e9pondre \u00e0 la plupart des exigences, l'utilisateur peut s\u00e9lectionner le type de fibre, la gaine de fibre et les connecteurs de fibre parmi ceux propos\u00e9s.<\/p>\n<p><strong>CARACT\u00c9RISTIQUES<\/strong><\/p>\n<ul>\n<li>Haute vitesse.<\/li>\n<li>Rapport d'extinction \u00e9lev\u00e9.<\/li>\n<li>Robuste et polyvalent.<\/li>\n<\/ul>","protected":false},"excerpt":{"rendered":"<p>AO Fiber pigtailed Pulse Picker, Te02 [L], Rise\/fall Time 10 ns, Carrier frequency 110 MHz, Fiber type SM ou PM, Optical power &lt; 0.5 W or 1 W, Jacket 900 \u00b5m Hytrel tubing, Connectors FC\/APC, RF power &lt; 2.5W, VSF housing.<\/p>","protected":false},"featured_media":406,"template":"","format":"standard","meta":[],"product_brand":[],"product_cat":[20,329],"product_tag":[],"class_list":{"0":"post-952","1":"product","2":"type-product","3":"status-publish","4":"format-standard","5":"has-post-thumbnail","7":"product_cat-ao-devices","8":"product_cat-fiber-pigtailed-pulse-picker","9":"sales-flash-overlay","10":"woocommerce-text-align-center","11":"woocommerce-image-align-center","12":"do-quantity-buttons","14":"first","15":"instock","16":"shipping-taxable","17":"purchasable","18":"product-type-variable"},"_links":{"self":[{"href":"https:\/\/aaoptoelectronic.com\/fr\/wp-json\/wp\/v2\/product\/952","targetHints":{"allow":["GET"]}}],"collection":[{"href":"https:\/\/aaoptoelectronic.com\/fr\/wp-json\/wp\/v2\/product"}],"about":[{"href":"https:\/\/aaoptoelectronic.com\/fr\/wp-json\/wp\/v2\/types\/product"}],"wp:featuredmedia":[{"embeddable":true,"href":"https:\/\/aaoptoelectronic.com\/fr\/wp-json\/wp\/v2\/media\/406"}],"wp:attachment":[{"href":"https:\/\/aaoptoelectronic.com\/fr\/wp-json\/wp\/v2\/media?parent=952"}],"wp:term":[{"taxonomy":"product_brand","embeddable":true,"href":"https:\/\/aaoptoelectronic.com\/fr\/wp-json\/wp\/v2\/product_brand?post=952"},{"taxonomy":"product_cat","embeddable":true,"href":"https:\/\/aaoptoelectronic.com\/fr\/wp-json\/wp\/v2\/product_cat?post=952"},{"taxonomy":"product_tag","embeddable":true,"href":"https:\/\/aaoptoelectronic.com\/fr\/wp-json\/wp\/v2\/product_tag?post=952"}],"curies":[{"name":"wp","href":"https:\/\/api.w.org\/{rel}","templated":true}]}}