{"id":954,"date":"2024-03-21T02:08:53","date_gmt":"2024-03-21T01:08:53","guid":{"rendered":"https:\/\/aaoptoelectronic.com\/product\/mt80-fir40-fio-xx-2\/"},"modified":"2024-06-04T17:10:42","modified_gmt":"2024-06-04T15:10:42","slug":"mt80-fir40-fio-xx-2","status":"publish","type":"product","link":"https:\/\/aaoptoelectronic.com\/fr\/mt80-fir40-fio-xx-2\/","title":{"rendered":"MT80-FIR40-Fio-xx"},"content":{"rendered":"<p>Ce dispositif \u00e0 fibres optiques est destin\u00e9 \u00e0 \u00eatre utilis\u00e9 pour une seule longueur d'onde dans leur gamme de fonctionnement [1850-2100 nm]. Il peut \u00eatre utilis\u00e9 pour la modulation d'intensit\u00e9, le d\u00e9calage de fr\u00e9quence fixe ou variable, la prise d'impulsion ou le qswitching. Afin de r\u00e9pondre \u00e0 la plupart des exigences, l'utilisateur peut s\u00e9lectionner le type de fibre, la gaine de fibre et les connecteurs de fibre parmi ceux propos\u00e9s.<\/p>\n<p><strong>CARACT\u00c9RISTIQUES<\/strong><\/p>\n<ul>\n<li>Haute vitesse.<\/li>\n<li>Rapport d'extinction \u00e9lev\u00e9.<\/li>\n<li><span style=\"font-size: inherit;\">Robuste et polyvalent.<\/span><\/li>\n<\/ul>","protected":false},"excerpt":{"rendered":"<p>AO Fiber pigtailed Pulse Picker, Te02 [L], Rise\/fall Time 40 ns, Carrier frequency 80 MHz, Fiber type SM ou PM, Optical power &lt; 0.5 W or 5 W, Jacket 900 \u00b5m Hytrel tubing, Connectors FC\/APC, RF power &lt; 2.5W, VSF housing.<\/p>","protected":false},"featured_media":406,"template":"","format":"standard","meta":[],"product_brand":[],"product_cat":[20,329],"product_tag":[],"class_list":{"0":"post-954","1":"product","2":"type-product","3":"status-publish","4":"format-standard","5":"has-post-thumbnail","7":"product_cat-ao-devices","8":"product_cat-fiber-pigtailed-pulse-picker","9":"sales-flash-overlay","10":"woocommerce-text-align-center","11":"woocommerce-image-align-center","12":"do-quantity-buttons","14":"first","15":"instock","16":"shipping-taxable","17":"purchasable","18":"product-type-variable"},"_links":{"self":[{"href":"https:\/\/aaoptoelectronic.com\/fr\/wp-json\/wp\/v2\/product\/954","targetHints":{"allow":["GET"]}}],"collection":[{"href":"https:\/\/aaoptoelectronic.com\/fr\/wp-json\/wp\/v2\/product"}],"about":[{"href":"https:\/\/aaoptoelectronic.com\/fr\/wp-json\/wp\/v2\/types\/product"}],"wp:featuredmedia":[{"embeddable":true,"href":"https:\/\/aaoptoelectronic.com\/fr\/wp-json\/wp\/v2\/media\/406"}],"wp:attachment":[{"href":"https:\/\/aaoptoelectronic.com\/fr\/wp-json\/wp\/v2\/media?parent=954"}],"wp:term":[{"taxonomy":"product_brand","embeddable":true,"href":"https:\/\/aaoptoelectronic.com\/fr\/wp-json\/wp\/v2\/product_brand?post=954"},{"taxonomy":"product_cat","embeddable":true,"href":"https:\/\/aaoptoelectronic.com\/fr\/wp-json\/wp\/v2\/product_cat?post=954"},{"taxonomy":"product_tag","embeddable":true,"href":"https:\/\/aaoptoelectronic.com\/fr\/wp-json\/wp\/v2\/product_tag?post=954"}],"curies":[{"name":"wp","href":"https:\/\/api.w.org\/{rel}","templated":true}]}}